{"id":3395,"date":"2023-07-04T08:57:49","date_gmt":"2023-07-04T08:57:49","guid":{"rendered":"https:\/\/eyetech.ch\/?page_id=3395"},"modified":"2025-10-06T08:15:55","modified_gmt":"2025-10-06T08:15:55","slug":"journal","status":"publish","type":"page","link":"https:\/\/eyetech.ch\/fr\/journal\/","title":{"rendered":"JOURNAL"},"content":{"rendered":"\t\t<div data-elementor-type=\"wp-page\" data-elementor-id=\"3395\" class=\"elementor elementor-3395 elementor-3394\" data-elementor-post-type=\"page\">\n\t\t\t\t\t\t<section class=\"elementor-section elementor-top-section elementor-element elementor-element-aa82db2 elementor-section-boxed elementor-section-height-default elementor-section-height-default\" data-id=\"aa82db2\" data-element_type=\"section\" data-e-type=\"section\" data-settings=\"{&quot;background_background&quot;:&quot;classic&quot;}\">\n\t\t\t\t\t\t<div class=\"elementor-container elementor-column-gap-default\">\n\t\t\t\t\t<div class=\"elementor-column elementor-col-50 elementor-top-column elementor-element elementor-element-38d545a\" data-id=\"38d545a\" data-element_type=\"column\" data-e-type=\"column\">\n\t\t\t<div class=\"elementor-widget-wrap elementor-element-populated\">\n\t\t\t\t\t\t<div class=\"elementor-element elementor-element-1b86fd8 elementor-widget elementor-widget-heading\" data-id=\"1b86fd8\" data-element_type=\"widget\" data-e-type=\"widget\" data-widget_type=\"heading.default\">\n\t\t\t\t<div class=\"elementor-widget-container\">\n\t\t\t\t\t<h1 class=\"elementor-heading-title elementor-size-default\">JOURNAL<\/h1>\t\t\t\t<\/div>\n\t\t\t\t<\/div>\n\t\t\t\t<div class=\"elementor-element elementor-element-e406a51 elementor-widget__width-inherit elementor-widget-mobile__width-inherit elementor-widget elementor-widget-text-editor\" data-id=\"e406a51\" data-element_type=\"widget\" data-e-type=\"widget\" data-widget_type=\"text-editor.default\">\n\t\t\t\t<div class=\"elementor-widget-container\">\n\t\t\t\t\t\t\t\t\t<p>Dans notre magazine en ligne, nous mettons l&#8217;accent sur les verres de lunettes, le marketing, ainsi que sur de pr\u00e9cieux aper\u00e7u concernant les th\u00e8mes essentiels de notre secteur. Bienvenue dans notre monde !<\/p><p><span style=\"font-family: var( --e-global-typography-text-font-family ), Sans-serif; font-size: var( --e-global-typography-text-font-size );\"><b>Ne manquez pas de lire le prochain num\u00e9ro en exclusivit\u00e9 deux semaines avant sa publication :<\/b><\/span><b><\/b><\/p>\t\t\t\t\t\t\t\t<\/div>\n\t\t\t\t<\/div>\n\t\t\t\t<div class=\"elementor-element elementor-element-78f5920 elementor-widget elementor-widget-button\" data-id=\"78f5920\" data-element_type=\"widget\" data-e-type=\"widget\" data-widget_type=\"button.default\">\n\t\t\t\t<div class=\"elementor-widget-container\">\n\t\t\t\t\t\t\t\t\t<div class=\"elementor-button-wrapper\">\n\t\t\t\t\t<a class=\"elementor-button elementor-button-link elementor-size-sm\" href=\"https:\/\/eyetech.ch\/fr\/inscription-a-la-newsletter\/\">\n\t\t\t\t\t\t<span class=\"elementor-button-content-wrapper\">\n\t\t\t\t\t\t<span class=\"elementor-button-icon\">\n\t\t\t\t<i aria-hidden=\"true\" class=\"far fa-newspaper\"><\/i>\t\t\t<\/span>\n\t\t\t\t\t\t\t\t\t<span class=\"elementor-button-text\">Abonnez-vous ici \u00e0 notre newsletter<\/span>\n\t\t\t\t\t<\/span>\n\t\t\t\t\t<\/a>\n\t\t\t\t<\/div>\n\t\t\t\t\t\t\t\t<\/div>\n\t\t\t\t<\/div>\n\t\t\t\t\t<\/div>\n\t\t<\/div>\n\t\t\t\t<div class=\"elementor-column elementor-col-50 elementor-top-column elementor-element elementor-element-e0d09ec\" data-id=\"e0d09ec\" data-element_type=\"column\" data-e-type=\"column\">\n\t\t\t<div class=\"elementor-widget-wrap\">\n\t\t\t\t\t\t\t<\/div>\n\t\t<\/div>\n\t\t\t\t\t<\/div>\n\t\t<\/section>\n\t\t\t\t<section class=\"elementor-section elementor-top-section elementor-element elementor-element-4a81d7e elementor-section-boxed elementor-section-height-default elementor-section-height-default\" data-id=\"4a81d7e\" data-element_type=\"section\" data-e-type=\"section\">\n\t\t\t\t\t\t<div class=\"elementor-container elementor-column-gap-default\">\n\t\t\t\t\t<div class=\"elementor-column elementor-col-100 elementor-top-column elementor-element elementor-element-d85ee7a\" data-id=\"d85ee7a\" data-element_type=\"column\" data-e-type=\"column\">\n\t\t\t<div class=\"elementor-widget-wrap elementor-element-populated\">\n\t\t\t\t\t\t<div class=\"elementor-element elementor-element-a6b2382 elementor-grid-3 elementor-grid-tablet-2 elementor-grid-mobile-1 elementor-posts--thumbnail-top elementor-widget elementor-widget-posts\" data-id=\"a6b2382\" data-element_type=\"widget\" data-e-type=\"widget\" data-settings=\"{&quot;classic_row_gap&quot;:{&quot;unit&quot;:&quot;px&quot;,&quot;size&quot;:32,&quot;sizes&quot;:[]},&quot;pagination_type&quot;:&quot;load_more_infinite_scroll&quot;,&quot;classic_columns&quot;:&quot;3&quot;,&quot;classic_columns_tablet&quot;:&quot;2&quot;,&quot;classic_columns_mobile&quot;:&quot;1&quot;,&quot;classic_row_gap_laptop&quot;:{&quot;unit&quot;:&quot;px&quot;,&quot;size&quot;:&quot;&quot;,&quot;sizes&quot;:[]},&quot;classic_row_gap_tablet&quot;:{&quot;unit&quot;:&quot;px&quot;,&quot;size&quot;:&quot;&quot;,&quot;sizes&quot;:[]},&quot;classic_row_gap_mobile&quot;:{&quot;unit&quot;:&quot;px&quot;,&quot;size&quot;:&quot;&quot;,&quot;sizes&quot;:[]},&quot;load_more_spinner&quot;:{&quot;value&quot;:&quot;fas fa-spinner&quot;,&quot;library&quot;:&quot;fa-solid&quot;}}\" data-widget_type=\"posts.classic\">\n\t\t\t\t<div class=\"elementor-widget-container\">\n\t\t\t\t\t\t\t<div class=\"elementor-posts-container elementor-posts elementor-posts--skin-classic elementor-grid\">\n\t\t\t\t<article class=\"elementor-post elementor-grid-item post-5519 post type-post status-publish format-standard has-post-thumbnail hentry category-marketing-fr\">\n\t\t\t\t<a class=\"elementor-post__thumbnail__link\" href=\"https:\/\/eyetech.ch\/fr\/recits-du-web\/\" tabindex=\"-1\" >\n\t\t\t<div class=\"elementor-post__thumbnail\"><img fetchpriority=\"high\" decoding=\"async\" width=\"1800\" height=\"1800\" src=\"https:\/\/eyetech.ch\/wp-content\/uploads\/2024\/07\/52603697092_de14fa77af_o.jpg\" class=\"attachment-full size-full wp-image-5522\" alt=\"\" srcset=\"https:\/\/eyetech.ch\/wp-content\/uploads\/2024\/07\/52603697092_de14fa77af_o.jpg 1800w, https:\/\/eyetech.ch\/wp-content\/uploads\/2024\/07\/52603697092_de14fa77af_o-300x300.jpg 300w, https:\/\/eyetech.ch\/wp-content\/uploads\/2024\/07\/52603697092_de14fa77af_o-1024x1024.jpg 1024w, https:\/\/eyetech.ch\/wp-content\/uploads\/2024\/07\/52603697092_de14fa77af_o-150x150.jpg 150w, https:\/\/eyetech.ch\/wp-content\/uploads\/2024\/07\/52603697092_de14fa77af_o-768x768.jpg 768w, https:\/\/eyetech.ch\/wp-content\/uploads\/2024\/07\/52603697092_de14fa77af_o-1536x1536.jpg 1536w\" sizes=\"(max-width: 1800px) 100vw, 1800px\" \/><\/div>\n\t\t<\/a>\n\t\t\t\t<div class=\"elementor-post__text\">\n\t\t\t\t<h2 class=\"elementor-post__title\">\n\t\t\t<a href=\"https:\/\/eyetech.ch\/fr\/recits-du-web\/\" >\n\t\t\t\tHistoire du web\t\t\t<\/a>\n\t\t<\/h2>\n\t\t\t\t<div class=\"elementor-post__meta-data\">\n\t\t\t\t\t<span class=\"elementor-post-date\">\n\t\t\tao\u00fbt 2024\t\t<\/span>\n\t\t\t\t<\/div>\n\t\t\t\t<div class=\"elementor-post__excerpt\">\n\t\t\t<p>Internet a r\u00e9volutionn\u00e9 le monde, mais il l&#8217;a aussi rendu plus complexe. Votre site web devrait \u00eatre comme une sauce parfaitement pr\u00e9par\u00e9e : r\u00e9duit, riche en saveurs, et surtout, inoubliable ! <\/p>\n\t\t<\/div>\n\t\t\t\t<\/div>\n\t\t\t\t<\/article>\n\t\t\t\t<article class=\"elementor-post elementor-grid-item post-5460 post type-post status-publish format-standard has-post-thumbnail hentry category-avenir\">\n\t\t\t\t<a class=\"elementor-post__thumbnail__link\" href=\"https:\/\/eyetech.ch\/fr\/strategies-pour-des-presbytes-heureux\/\" tabindex=\"-1\" >\n\t\t\t<div class=\"elementor-post__thumbnail\"><img decoding=\"async\" width=\"1800\" height=\"1800\" src=\"https:\/\/eyetech.ch\/wp-content\/uploads\/2024\/05\/52572836102_09375071c2_o.jpg\" class=\"attachment-full size-full wp-image-5271\" alt=\"\" srcset=\"https:\/\/eyetech.ch\/wp-content\/uploads\/2024\/05\/52572836102_09375071c2_o.jpg 1800w, https:\/\/eyetech.ch\/wp-content\/uploads\/2024\/05\/52572836102_09375071c2_o-300x300.jpg 300w, https:\/\/eyetech.ch\/wp-content\/uploads\/2024\/05\/52572836102_09375071c2_o-1024x1024.jpg 1024w, https:\/\/eyetech.ch\/wp-content\/uploads\/2024\/05\/52572836102_09375071c2_o-150x150.jpg 150w, https:\/\/eyetech.ch\/wp-content\/uploads\/2024\/05\/52572836102_09375071c2_o-768x768.jpg 768w, https:\/\/eyetech.ch\/wp-content\/uploads\/2024\/05\/52572836102_09375071c2_o-1536x1536.jpg 1536w\" sizes=\"(max-width: 1800px) 100vw, 1800px\" \/><\/div>\n\t\t<\/a>\n\t\t\t\t<div class=\"elementor-post__text\">\n\t\t\t\t<h2 class=\"elementor-post__title\">\n\t\t\t<a href=\"https:\/\/eyetech.ch\/fr\/strategies-pour-des-presbytes-heureux\/\" >\n\t\t\t\tStrat\u00e9gies pour des presbytes heureux\t\t\t<\/a>\n\t\t<\/h2>\n\t\t\t\t<div class=\"elementor-post__meta-data\">\n\t\t\t\t\t<span class=\"elementor-post-date\">\n\t\t\tjuin 2024\t\t<\/span>\n\t\t\t\t<\/div>\n\t\t\t\t<div class=\"elementor-post__excerpt\">\n\t\t\t<p>Nous glissons tous le long de la courbe de Duane au cours de la vie. \u00c0 l&#8217;avenir, de plus en plus de personnes seront presbytes, ce qui est une m\u00e9ga-tendance importante pour notre secteur. Nous vous invitons \u00e0 d\u00e9couvrir des opportunit\u00e9s et \u00e0 d\u00e9velopper des strat\u00e9gies innovantes !<\/p>\n\t\t<\/div>\n\t\t\t\t<\/div>\n\t\t\t\t<\/article>\n\t\t\t\t<article class=\"elementor-post elementor-grid-item post-5202 post type-post status-publish format-standard has-post-thumbnail hentry category-service-fr\">\n\t\t\t\t<a class=\"elementor-post__thumbnail__link\" href=\"https:\/\/eyetech.ch\/fr\/taillez-vous-encore-les-verres-vous-meme\/\" tabindex=\"-1\" >\n\t\t\t<div class=\"elementor-post__thumbnail\"><img decoding=\"async\" width=\"1800\" height=\"1800\" src=\"https:\/\/eyetech.ch\/wp-content\/uploads\/2024\/05\/P1165323_2.jpg\" class=\"attachment-full size-full wp-image-5241\" alt=\"\" srcset=\"https:\/\/eyetech.ch\/wp-content\/uploads\/2024\/05\/P1165323_2.jpg 1800w, https:\/\/eyetech.ch\/wp-content\/uploads\/2024\/05\/P1165323_2-300x300.jpg 300w, https:\/\/eyetech.ch\/wp-content\/uploads\/2024\/05\/P1165323_2-1024x1024.jpg 1024w, https:\/\/eyetech.ch\/wp-content\/uploads\/2024\/05\/P1165323_2-150x150.jpg 150w, https:\/\/eyetech.ch\/wp-content\/uploads\/2024\/05\/P1165323_2-768x768.jpg 768w, https:\/\/eyetech.ch\/wp-content\/uploads\/2024\/05\/P1165323_2-1536x1536.jpg 1536w\" sizes=\"(max-width: 1800px) 100vw, 1800px\" \/><\/div>\n\t\t<\/a>\n\t\t\t\t<div class=\"elementor-post__text\">\n\t\t\t\t<h2 class=\"elementor-post__title\">\n\t\t\t<a href=\"https:\/\/eyetech.ch\/fr\/taillez-vous-encore-les-verres-vous-meme\/\" >\n\t\t\t\tTaillez-vous (encore) vos verres vous-m\u00eame ?\t\t\t<\/a>\n\t\t<\/h2>\n\t\t\t\t<div class=\"elementor-post__meta-data\">\n\t\t\t\t\t<span class=\"elementor-post-date\">\n\t\t\tmai 2024\t\t<\/span>\n\t\t\t\t<\/div>\n\t\t\t\t<div class=\"elementor-post__excerpt\">\n\t\t\t<p>Un atelier s&#8217;av\u00e8re essentiel au sein de tout magasin d&#8217;optique. Cependant, quelles sont les t\u00e2ches qu&#8217;un opticien peut confier \u00e0 des tiers tout en pr\u00e9servant son identit\u00e9 professionnelle ?<\/p>\n\t\t<\/div>\n\t\t\t\t<\/div>\n\t\t\t\t<\/article>\n\t\t\t\t<article class=\"elementor-post elementor-grid-item post-5152 post type-post status-publish format-standard has-post-thumbnail hentry category-lunettes\">\n\t\t\t\t<a class=\"elementor-post__thumbnail__link\" href=\"https:\/\/eyetech.ch\/fr\/craft-retour-aux-sources\/\" tabindex=\"-1\" >\n\t\t\t<div class=\"elementor-post__thumbnail\"><img loading=\"lazy\" decoding=\"async\" width=\"1800\" height=\"1800\" src=\"https:\/\/eyetech.ch\/wp-content\/uploads\/2024\/04\/52566642041_2436d54e38_o.jpg\" class=\"attachment-full size-full wp-image-5080\" alt=\"\" srcset=\"https:\/\/eyetech.ch\/wp-content\/uploads\/2024\/04\/52566642041_2436d54e38_o.jpg 1800w, https:\/\/eyetech.ch\/wp-content\/uploads\/2024\/04\/52566642041_2436d54e38_o-300x300.jpg 300w, https:\/\/eyetech.ch\/wp-content\/uploads\/2024\/04\/52566642041_2436d54e38_o-1024x1024.jpg 1024w, https:\/\/eyetech.ch\/wp-content\/uploads\/2024\/04\/52566642041_2436d54e38_o-150x150.jpg 150w, https:\/\/eyetech.ch\/wp-content\/uploads\/2024\/04\/52566642041_2436d54e38_o-768x768.jpg 768w, https:\/\/eyetech.ch\/wp-content\/uploads\/2024\/04\/52566642041_2436d54e38_o-1536x1536.jpg 1536w\" sizes=\"(max-width: 1800px) 100vw, 1800px\" \/><\/div>\n\t\t<\/a>\n\t\t\t\t<div class=\"elementor-post__text\">\n\t\t\t\t<h2 class=\"elementor-post__title\">\n\t\t\t<a href=\"https:\/\/eyetech.ch\/fr\/craft-retour-aux-sources\/\" >\n\t\t\t\tCRAFT\u2122 \u2013 Retour aux sources\t\t\t<\/a>\n\t\t<\/h2>\n\t\t\t\t<div class=\"elementor-post__meta-data\">\n\t\t\t\t\t<span class=\"elementor-post-date\">\n\t\t\tavril 2024\t\t<\/span>\n\t\t\t\t<\/div>\n\t\t\t\t<div class=\"elementor-post__excerpt\">\n\t\t\t<p>On trouve de v\u00e9ritables perles aux origines de l&#8217;invention des verres de lunettes. Et m\u00eame si certains verres ont d\u00e9j\u00e0 plusieurs centaines d&#8217;ann\u00e9es, ils peuvent toujours parfaitement s&#8217;adapter \u00e0 la vie quotidienne moderne. C&#8217;est cela et bien plus encore que repr\u00e9sente CRAFT\u2122.  <\/p>\n\t\t<\/div>\n\t\t\t\t<\/div>\n\t\t\t\t<\/article>\n\t\t\t\t<article class=\"elementor-post elementor-grid-item post-4811 post type-post status-publish format-standard has-post-thumbnail hentry category-marketing-fr\">\n\t\t\t\t<a class=\"elementor-post__thumbnail__link\" href=\"https:\/\/eyetech.ch\/fr\/les-reseaux-sociaux-pour-les-magasins-doptique\/\" tabindex=\"-1\" >\n\t\t\t<div class=\"elementor-post__thumbnail\"><img loading=\"lazy\" decoding=\"async\" width=\"1800\" height=\"1800\" src=\"https:\/\/eyetech.ch\/wp-content\/uploads\/2023\/10\/52604197866_d85bd00cab_o.jpg\" class=\"attachment-full size-full wp-image-4450\" alt=\"\" srcset=\"https:\/\/eyetech.ch\/wp-content\/uploads\/2023\/10\/52604197866_d85bd00cab_o.jpg 1800w, https:\/\/eyetech.ch\/wp-content\/uploads\/2023\/10\/52604197866_d85bd00cab_o-300x300.jpg 300w, https:\/\/eyetech.ch\/wp-content\/uploads\/2023\/10\/52604197866_d85bd00cab_o-1024x1024.jpg 1024w, https:\/\/eyetech.ch\/wp-content\/uploads\/2023\/10\/52604197866_d85bd00cab_o-150x150.jpg 150w, https:\/\/eyetech.ch\/wp-content\/uploads\/2023\/10\/52604197866_d85bd00cab_o-768x768.jpg 768w, https:\/\/eyetech.ch\/wp-content\/uploads\/2023\/10\/52604197866_d85bd00cab_o-1536x1536.jpg 1536w\" sizes=\"(max-width: 1800px) 100vw, 1800px\" \/><\/div>\n\t\t<\/a>\n\t\t\t\t<div class=\"elementor-post__text\">\n\t\t\t\t<h2 class=\"elementor-post__title\">\n\t\t\t<a href=\"https:\/\/eyetech.ch\/fr\/les-reseaux-sociaux-pour-les-magasins-doptique\/\" >\n\t\t\t\tLes r\u00e9seaux sociaux pour les magasins d&#8217;optique\t\t\t<\/a>\n\t\t<\/h2>\n\t\t\t\t<div class=\"elementor-post__meta-data\">\n\t\t\t\t\t<span class=\"elementor-post-date\">\n\t\t\tf\u00e9vrier 2024\t\t<\/span>\n\t\t\t\t<\/div>\n\t\t\t\t<div class=\"elementor-post__excerpt\">\n\t\t\t<p>Les r\u00e9seaux sociaux n&#8217;offrent pas seulement de nouvelles opportunit\u00e9s pour les magasins d&#8217;optique, c&#8217;est aussi une aventure. Avec le &#8220;principe du karma&#8221;, nous essayons de vous donner un aper\u00e7u actuel.<\/p>\n\t\t<\/div>\n\t\t\t\t<\/div>\n\t\t\t\t<\/article>\n\t\t\t\t<article class=\"elementor-post elementor-grid-item post-3950 post type-post status-publish format-standard has-post-thumbnail hentry category-avenir\">\n\t\t\t\t<a class=\"elementor-post__thumbnail__link\" href=\"https:\/\/eyetech.ch\/fr\/lia-dans-le-domaine-de-loptique\/\" tabindex=\"-1\" >\n\t\t\t<div class=\"elementor-post__thumbnail\"><img loading=\"lazy\" decoding=\"async\" width=\"1600\" height=\"1600\" src=\"https:\/\/eyetech.ch\/wp-content\/uploads\/2023\/10\/b9db87c6-fe64-71a5-362e-aec849d82ea2.jpg\" class=\"attachment-full size-full wp-image-4065\" alt=\"\" srcset=\"https:\/\/eyetech.ch\/wp-content\/uploads\/2023\/10\/b9db87c6-fe64-71a5-362e-aec849d82ea2.jpg 1600w, https:\/\/eyetech.ch\/wp-content\/uploads\/2023\/10\/b9db87c6-fe64-71a5-362e-aec849d82ea2-300x300.jpg 300w, https:\/\/eyetech.ch\/wp-content\/uploads\/2023\/10\/b9db87c6-fe64-71a5-362e-aec849d82ea2-1024x1024.jpg 1024w, https:\/\/eyetech.ch\/wp-content\/uploads\/2023\/10\/b9db87c6-fe64-71a5-362e-aec849d82ea2-150x150.jpg 150w, https:\/\/eyetech.ch\/wp-content\/uploads\/2023\/10\/b9db87c6-fe64-71a5-362e-aec849d82ea2-768x768.jpg 768w, https:\/\/eyetech.ch\/wp-content\/uploads\/2023\/10\/b9db87c6-fe64-71a5-362e-aec849d82ea2-1536x1536.jpg 1536w\" sizes=\"(max-width: 1600px) 100vw, 1600px\" \/><\/div>\n\t\t<\/a>\n\t\t\t\t<div class=\"elementor-post__text\">\n\t\t\t\t<h2 class=\"elementor-post__title\">\n\t\t\t<a href=\"https:\/\/eyetech.ch\/fr\/lia-dans-le-domaine-de-loptique\/\" >\n\t\t\t\tL&#8217;IA dans le domaine de l&#8217;optique\t\t\t<\/a>\n\t\t<\/h2>\n\t\t\t\t<div class=\"elementor-post__meta-data\">\n\t\t\t\t\t<span class=\"elementor-post-date\">\n\t\t\tjanvier 2024\t\t<\/span>\n\t\t\t\t<\/div>\n\t\t\t\t<div class=\"elementor-post__excerpt\">\n\t\t\t<p>L&#8217;intelligence artificielle est un mot \u00e0 la mode. Pourtant, depuis des ann\u00e9es d\u00e9j\u00e0, des programmes &#8220;intelligents&#8221; nous facilitent la vie. Pour les opticien\u00b7enne\u00b7s et les optom\u00e9tristes, les outils d&#8217;IA se pr\u00e9sentent comme des copilotes. En revanche, il est peu probable que les professionnels soient \u00e9vinc\u00e9s. <\/p>\n\t\t<\/div>\n\t\t\t\t<\/div>\n\t\t\t\t<\/article>\n\t\t\t\t<article class=\"elementor-post elementor-grid-item post-4069 post type-post status-publish format-standard has-post-thumbnail hentry category-avenir\">\n\t\t\t\t<a class=\"elementor-post__thumbnail__link\" href=\"https:\/\/eyetech.ch\/fr\/entretien-avec-chat-gpt\/\" tabindex=\"-1\" >\n\t\t\t<div class=\"elementor-post__thumbnail\"><img loading=\"lazy\" decoding=\"async\" width=\"1024\" height=\"1024\" src=\"https:\/\/eyetech.ch\/wp-content\/uploads\/2024\/01\/IMG_4626.jpg\" class=\"attachment-full size-full wp-image-4335\" alt=\"\" srcset=\"https:\/\/eyetech.ch\/wp-content\/uploads\/2024\/01\/IMG_4626.jpg 1024w, https:\/\/eyetech.ch\/wp-content\/uploads\/2024\/01\/IMG_4626-300x300.jpg 300w, https:\/\/eyetech.ch\/wp-content\/uploads\/2024\/01\/IMG_4626-150x150.jpg 150w, https:\/\/eyetech.ch\/wp-content\/uploads\/2024\/01\/IMG_4626-768x768.jpg 768w\" sizes=\"(max-width: 1024px) 100vw, 1024px\" \/><\/div>\n\t\t<\/a>\n\t\t\t\t<div class=\"elementor-post__text\">\n\t\t\t\t<h2 class=\"elementor-post__title\">\n\t\t\t<a href=\"https:\/\/eyetech.ch\/fr\/entretien-avec-chat-gpt\/\" >\n\t\t\t\tEntretien avec Chat-GPT\t\t\t<\/a>\n\t\t<\/h2>\n\t\t\t\t<div class=\"elementor-post__meta-data\">\n\t\t\t\t\t<span class=\"elementor-post-date\">\n\t\t\tjanvier 2024\t\t<\/span>\n\t\t\t\t<\/div>\n\t\t\t\t<div class=\"elementor-post__excerpt\">\n\t\t\t<p>Ce qui est bien avec l&#8217;intelligence artificielle, c&#8217;est qu&#8217;on peut non seulement parler d&#8217;elle, mais aussi avec elle. Nous avons discut\u00e9 avec Chat-GPT d&#8217;un avenir possible pour notre profession.<\/p>\n\t\t<\/div>\n\t\t\t\t<\/div>\n\t\t\t\t<\/article>\n\t\t\t\t<article class=\"elementor-post elementor-grid-item post-4690 post type-post status-publish format-standard has-post-thumbnail hentry category-lunettes\">\n\t\t\t\t<a class=\"elementor-post__thumbnail__link\" href=\"https:\/\/eyetech.ch\/fr\/cyberbifo\/\" tabindex=\"-1\" >\n\t\t\t<div class=\"elementor-post__thumbnail\"><img loading=\"lazy\" decoding=\"async\" width=\"1800\" height=\"1800\" src=\"https:\/\/eyetech.ch\/wp-content\/uploads\/2024\/01\/52575518703_ff6a3423df_o.jpg\" class=\"attachment-full size-full wp-image-4471\" alt=\"\" srcset=\"https:\/\/eyetech.ch\/wp-content\/uploads\/2024\/01\/52575518703_ff6a3423df_o.jpg 1800w, https:\/\/eyetech.ch\/wp-content\/uploads\/2024\/01\/52575518703_ff6a3423df_o-300x300.jpg 300w, https:\/\/eyetech.ch\/wp-content\/uploads\/2024\/01\/52575518703_ff6a3423df_o-1024x1024.jpg 1024w, https:\/\/eyetech.ch\/wp-content\/uploads\/2024\/01\/52575518703_ff6a3423df_o-150x150.jpg 150w, https:\/\/eyetech.ch\/wp-content\/uploads\/2024\/01\/52575518703_ff6a3423df_o-768x768.jpg 768w, https:\/\/eyetech.ch\/wp-content\/uploads\/2024\/01\/52575518703_ff6a3423df_o-1536x1536.jpg 1536w\" sizes=\"(max-width: 1800px) 100vw, 1800px\" \/><\/div>\n\t\t<\/a>\n\t\t\t\t<div class=\"elementor-post__text\">\n\t\t\t\t<h2 class=\"elementor-post__title\">\n\t\t\t<a href=\"https:\/\/eyetech.ch\/fr\/cyberbifo\/\" >\n\t\t\t\tCYBERBIFO\t\t\t<\/a>\n\t\t<\/h2>\n\t\t\t\t<div class=\"elementor-post__meta-data\">\n\t\t\t\t\t<span class=\"elementor-post-date\">\n\t\t\tjanvier 2024\t\t<\/span>\n\t\t\t\t<\/div>\n\t\t\t\t<div class=\"elementor-post__excerpt\">\n\t\t\t<p>&#8220;La petite fen\u00eatre sur le monde&#8221; : les verres bifocaux restent une solution essentielle de l&#8217;assortiment de verres offert par les opticiens. Avec le CYBERBIFO, les verres bifocaux entrent dans le 21\u1d49 si\u00e8cle et sont certainement une solution plus moderne que jamais.<\/p>\n\t\t<\/div>\n\t\t\t\t<\/div>\n\t\t\t\t<\/article>\n\t\t\t\t<\/div>\n\t\t\t\t\t<span class=\"e-load-more-spinner\">\n\t\t\t\t<i aria-hidden=\"true\" class=\"fas fa-spinner\"><\/i>\t\t\t<\/span>\n\t\t\n\t\t\t\t\t\t<\/div>\n\t\t\t\t<\/div>\n\t\t\t\t\t<\/div>\n\t\t<\/div>\n\t\t\t\t\t<\/div>\n\t\t<\/section>\n\t\t\t\t<section class=\"elementor-section elementor-top-section elementor-element elementor-element-d97922c elementor-section-boxed elementor-section-height-default elementor-section-height-default\" data-id=\"d97922c\" data-element_type=\"section\" data-e-type=\"section\" data-settings=\"{&quot;background_background&quot;:&quot;classic&quot;}\">\n\t\t\t\t\t\t<div class=\"elementor-container elementor-column-gap-default\">\n\t\t\t\t\t<div class=\"elementor-column elementor-col-66 elementor-top-column elementor-element elementor-element-2642179\" data-id=\"2642179\" data-element_type=\"column\" data-e-type=\"column\">\n\t\t\t<div class=\"elementor-widget-wrap elementor-element-populated\">\n\t\t\t\t\t\t<div class=\"elementor-element elementor-element-af3c85a elementor-widget elementor-widget-heading\" data-id=\"af3c85a\" data-element_type=\"widget\" data-e-type=\"widget\" data-widget_type=\"heading.default\">\n\t\t\t\t<div class=\"elementor-widget-container\">\n\t\t\t\t\t<h2 class=\"elementor-heading-title elementor-size-default\">\u00c0 propos d'Eyetech\n<\/h2>\t\t\t\t<\/div>\n\t\t\t\t<\/div>\n\t\t\t\t<div class=\"elementor-element elementor-element-26acd37 elementor-widget elementor-widget-text-editor\" data-id=\"26acd37\" data-element_type=\"widget\" data-e-type=\"widget\" data-widget_type=\"text-editor.default\">\n\t\t\t\t<div class=\"elementor-widget-container\">\n\t\t\t\t\t\t\t\t\t<p>Des verres de lunettes fabriqu\u00e9s par des opticiens pour des opticiens. C&#8217;est avec cette id\u00e9e que la soci\u00e9t\u00e9 Eyetech AG a \u00e9t\u00e9 fond\u00e9e au d\u00e9but des ann\u00e9es 1990. Avec un esprit de pionnier et une envie d&#8217;innover, ce fabricant de verre est aujourd&#8217;hui le partenaire de magasins sp\u00e9cialis\u00e9s ind\u00e9pendants dans toute la Suisse. L&#8217;\u00e9ventail unique de verres de lunettes, y compris la ligne de verres sp\u00e9ciaux CRAFT\u2122 et le service de montage interne couvrent tous les souhaits. Le conseil comp\u00e9tent et personnalis\u00e9 fait de chaque contact avec nous une exp\u00e9rience agr\u00e9able. De plus, l&#8217;agence de publicit\u00e9 V.EYE.P donne un coup de pouce \u00e0 l&#8217;opticien pour se rapporcher de ses objectifs.<\/p>\t\t\t\t\t\t\t\t<\/div>\n\t\t\t\t<\/div>\n\t\t\t\t<div class=\"elementor-element elementor-element-e4ff4e6 elementor-widget elementor-widget-button\" data-id=\"e4ff4e6\" data-element_type=\"widget\" data-e-type=\"widget\" data-widget_type=\"button.default\">\n\t\t\t\t<div class=\"elementor-widget-container\">\n\t\t\t\t\t\t\t\t\t<div class=\"elementor-button-wrapper\">\n\t\t\t\t\t<a class=\"elementor-button elementor-button-link elementor-size-sm\" href=\"mailto:info@eyetech.ch\">\n\t\t\t\t\t\t<span class=\"elementor-button-content-wrapper\">\n\t\t\t\t\t\t<span class=\"elementor-button-icon\">\n\t\t\t\t<i aria-hidden=\"true\" class=\"far fa-envelope\"><\/i>\t\t\t<\/span>\n\t\t\t\t\t\t\t\t\t<span class=\"elementor-button-text\">Apprenez \u00e0 nous conna\u00eetre<\/span>\n\t\t\t\t\t<\/span>\n\t\t\t\t\t<\/a>\n\t\t\t\t<\/div>\n\t\t\t\t\t\t\t\t<\/div>\n\t\t\t\t<\/div>\n\t\t\t\t\t<\/div>\n\t\t<\/div>\n\t\t\t\t<div class=\"elementor-column elementor-col-33 elementor-top-column elementor-element elementor-element-02feeb2\" data-id=\"02feeb2\" data-element_type=\"column\" data-e-type=\"column\">\n\t\t\t<div class=\"elementor-widget-wrap\">\n\t\t\t\t\t\t\t<\/div>\n\t\t<\/div>\n\t\t\t\t\t<\/div>\n\t\t<\/section>\n\t\t\t\t<\/div>\n\t\t","protected":false},"excerpt":{"rendered":"<p>JOURNAL Dans notre magazine en ligne, nous mettons l&#8217;accent sur les verres de lunettes, le marketing, ainsi que sur de pr\u00e9cieux aper\u00e7u concernant les th\u00e8mes essentiels de notre secteur. Bienvenue dans notre monde ! Ne manquez pas de lire le prochain num\u00e9ro en exclusivit\u00e9 deux semaines avant sa publication : Abonnez-vous ici \u00e0 notre newsletter [&hellip;]<\/p>\n","protected":false},"author":1,"featured_media":0,"parent":0,"menu_order":0,"comment_status":"closed","ping_status":"closed","template":"elementor_header_footer","meta":{"footnotes":""},"class_list":["post-3395","page","type-page","status-publish","hentry"],"_links":{"self":[{"href":"https:\/\/eyetech.ch\/fr\/wp-json\/wp\/v2\/pages\/3395","targetHints":{"allow":["GET"]}}],"collection":[{"href":"https:\/\/eyetech.ch\/fr\/wp-json\/wp\/v2\/pages"}],"about":[{"href":"https:\/\/eyetech.ch\/fr\/wp-json\/wp\/v2\/types\/page"}],"author":[{"embeddable":true,"href":"https:\/\/eyetech.ch\/fr\/wp-json\/wp\/v2\/users\/1"}],"replies":[{"embeddable":true,"href":"https:\/\/eyetech.ch\/fr\/wp-json\/wp\/v2\/comments?post=3395"}],"version-history":[{"count":27,"href":"https:\/\/eyetech.ch\/fr\/wp-json\/wp\/v2\/pages\/3395\/revisions"}],"predecessor-version":[{"id":6287,"href":"https:\/\/eyetech.ch\/fr\/wp-json\/wp\/v2\/pages\/3395\/revisions\/6287"}],"wp:attachment":[{"href":"https:\/\/eyetech.ch\/fr\/wp-json\/wp\/v2\/media?parent=3395"}],"curies":[{"name":"wp","href":"https:\/\/api.w.org\/{rel}","templated":true}]}}