{"id":3609,"date":"2023-03-23T09:20:15","date_gmt":"2023-03-23T09:20:15","guid":{"rendered":"https:\/\/eyetech.ch\/impressum\/"},"modified":"2023-07-21T12:29:47","modified_gmt":"2023-07-21T12:29:47","slug":"impressum","status":"publish","type":"page","link":"https:\/\/eyetech.ch\/fr\/impressum\/","title":{"rendered":"Impressum"},"content":{"rendered":"\t\t<div data-elementor-type=\"wp-page\" data-elementor-id=\"3609\" class=\"elementor elementor-3609 elementor-1467\" data-elementor-post-type=\"page\">\n\t\t\t\t\t\t<section class=\"elementor-section elementor-top-section elementor-element elementor-element-1cc88b0 elementor-section-boxed elementor-section-height-default elementor-section-height-default\" data-id=\"1cc88b0\" data-element_type=\"section\" data-e-type=\"section\">\n\t\t\t\t\t\t<div class=\"elementor-container elementor-column-gap-default\">\n\t\t\t\t\t<div class=\"elementor-column elementor-col-100 elementor-top-column elementor-element elementor-element-e40c678\" data-id=\"e40c678\" data-element_type=\"column\" data-e-type=\"column\">\n\t\t\t<div class=\"elementor-widget-wrap elementor-element-populated\">\n\t\t\t\t\t\t<div class=\"elementor-element elementor-element-1b86fd8 elementor-widget elementor-widget-heading\" data-id=\"1b86fd8\" data-element_type=\"widget\" data-e-type=\"widget\" data-widget_type=\"heading.default\">\n\t\t\t\t<div class=\"elementor-widget-container\">\n\t\t\t\t\t<h1 class=\"elementor-heading-title elementor-size-default\">Impressum<\/h1>\t\t\t\t<\/div>\n\t\t\t\t<\/div>\n\t\t\t\t\t<\/div>\n\t\t<\/div>\n\t\t\t\t\t<\/div>\n\t\t<\/section>\n\t\t\t\t<section class=\"elementor-section elementor-top-section elementor-element elementor-element-4a81d7e elementor-section-boxed elementor-section-height-default elementor-section-height-default\" data-id=\"4a81d7e\" data-element_type=\"section\" data-e-type=\"section\">\n\t\t\t\t\t\t<div class=\"elementor-container elementor-column-gap-default\">\n\t\t\t\t\t<div class=\"elementor-column elementor-col-100 elementor-top-column elementor-element elementor-element-d85ee7a\" data-id=\"d85ee7a\" data-element_type=\"column\" data-e-type=\"column\">\n\t\t\t<div class=\"elementor-widget-wrap elementor-element-populated\">\n\t\t\t\t\t\t<div class=\"elementor-element elementor-element-df128cb elementor-widget elementor-widget-text-editor\" data-id=\"df128cb\" data-element_type=\"widget\" data-e-type=\"widget\" data-widget_type=\"text-editor.default\">\n\t\t\t\t<div class=\"elementor-widget-container\">\n\t\t\t\t\t\t\t\t\t<h3>Responsable<\/h3>\n<p>Eyetech AG<br>Steinacherstrasse 150<br>8820 W\u00e4denswil<br>Suisse<\/p>\n<p>+41 44 782 60 40<br>info@eyetech.ch<\/p>\n<p>Eyetech SA est inscrite au registre du commerce du canton de Zurich (num\u00e9ro de registre du commerce CH-020.3.021.061-5) et est repr\u00e9sent\u00e9e par Sven G\u00f6tti, pr\u00e9sident du conseil d&#8217;administration. Le num\u00e9ro de TVA suisse est CHE-108.428.856.<\/p>\n<h3>Conception et r\u00e9alisation<\/h3>\n<div>Eyetech AG<br>Agence V.EYE.P<\/div>\n<div>www.eyetech.ch\/agentur<\/div>\n<p><\/p>\t\t\t\t\t\t\t\t<\/div>\n\t\t\t\t<\/div>\n\t\t\t\t\t<\/div>\n\t\t<\/div>\n\t\t\t\t\t<\/div>\n\t\t<\/section>\n\t\t\t\t<\/div>\n\t\t","protected":false},"excerpt":{"rendered":"<p>Impressum Verantwortlich Eyetech AGSteinacherstrasse 1508820 W\u00e4denswilSchweiz +41 44 782 60 40info@eyetech.ch Die Eyetech AG ist im Handelsregister des Kantons Z\u00fcrich eingetragen (Handelsregister-Nummer CH-020.3.021.061-5) und wird vertreten durch Sven G\u00f6tti, Verwaltungsrat-Pr\u00e4sident. Die schweizerische Mehrwertsteuer-Nummer lautet CHE-108.428.856. Konzeption und Umsetzung Eyetech AGV.EYE.P Agentur www.eyetech.ch\/agentur<\/p>\n","protected":false},"author":1,"featured_media":0,"parent":0,"menu_order":0,"comment_status":"closed","ping_status":"closed","template":"elementor_header_footer","meta":{"footnotes":""},"class_list":["post-3609","page","type-page","status-publish","hentry"],"_links":{"self":[{"href":"https:\/\/eyetech.ch\/fr\/wp-json\/wp\/v2\/pages\/3609","targetHints":{"allow":["GET"]}}],"collection":[{"href":"https:\/\/eyetech.ch\/fr\/wp-json\/wp\/v2\/pages"}],"about":[{"href":"https:\/\/eyetech.ch\/fr\/wp-json\/wp\/v2\/types\/page"}],"author":[{"embeddable":true,"href":"https:\/\/eyetech.ch\/fr\/wp-json\/wp\/v2\/users\/1"}],"replies":[{"embeddable":true,"href":"https:\/\/eyetech.ch\/fr\/wp-json\/wp\/v2\/comments?post=3609"}],"version-history":[{"count":2,"href":"https:\/\/eyetech.ch\/fr\/wp-json\/wp\/v2\/pages\/3609\/revisions"}],"predecessor-version":[{"id":3611,"href":"https:\/\/eyetech.ch\/fr\/wp-json\/wp\/v2\/pages\/3609\/revisions\/3611"}],"wp:attachment":[{"href":"https:\/\/eyetech.ch\/fr\/wp-json\/wp\/v2\/media?parent=3609"}],"curies":[{"name":"wp","href":"https:\/\/api.w.org\/{rel}","templated":true}]}}